{"id":182,"date":"2018-10-20T09:42:20","date_gmt":"2018-10-20T07:42:20","guid":{"rendered":"http:\/\/local.3cc-partners.com\/datenschutzerklaerung\/"},"modified":"2023-06-02T15:58:36","modified_gmt":"2023-06-02T13:58:36","slug":"datenschutzerklaerung","status":"publish","type":"page","link":"https:\/\/www.3cc-partners.com\/en\/datenschutzerklaerung\/","title":{"rendered":"Datenschutzerkl\u00e4rung"},"content":{"rendered":"\n<div class=\"wp-block-image\"><figure class=\"alignleft\"><img loading=\"lazy\" width=\"186\" height=\"185\" src=\"https:\/\/stage.3cc-partners.com\/app\/uploads\/2018\/10\/Logo_back-schwarz_wei\u00df.jpg\" alt=\"\" class=\"wp-image-200\" srcset=\"https:\/\/www.3cc-partners.com\/app\/uploads\/2018\/10\/Logo_back-schwarz_wei\u00df.jpg 186w, https:\/\/www.3cc-partners.com\/app\/uploads\/2018\/10\/Logo_back-schwarz_wei\u00df-150x150.jpg 150w\" sizes=\"(max-width: 186px) 100vw, 186px\" \/><\/figure><\/div>\n\n\n\n<h5><strong>Verantwortlicher in Bezug auf Ihre personenbezogenen Daten ist:<\/strong><\/h5>\n\n\n\n<p><strong>3CC<\/strong> Beteiligungs GmbH<br>Sterzinger Str. 6, D-86165 Augsburg<br>Tel.: +49 (0)821 27 26 3-13<br>Email: contact@3cc-partners.com<\/p>\n\n\n\n<h5><strong>Speicherung und Verarbeitung personenbezogener Daten<\/strong><\/h5>\n\n\n\n<p>Sie k\u00f6nnen unsere Website besuchen und nutzen, ohne uns Ihren Namen zu nennen. Wir verlangen keine Registrierung<\/p>\n\n\n\n<h5><strong>Verbindungsdaten<\/strong><\/h5>\n\n\n\n<p>Wenn Sie unsere Webseiten aufrufen, \u00fcbermitteln Sie (aus technischer Notwendigkeit) \u00fcber Ihren Internetbrowser Daten an unseren Webserver. Folgende Daten werden w\u00e4hrend einer laufenden Verbindung zur Kommunikation zwischen Ihrem Internetbrowser und unserem Webserver aufgezeichnet: Datum und Uhrzeit der Anforderung; Name der angeforderten Datei; Seite, von der aus die Datei angefordert wurde; Zugriffsstatus (Datei \u00fcbertragen, Datei nicht gefunden, etc.); verwendeter Webbrowser und verwendetes Betriebssystem; IP-Adresse des anfordernden Rechners; \u00fcbertragene Datenmenge. Aus Gr\u00fcnden der technischen Sicherheit werden diese Daten kurzzeitig gespeichert. Ein R\u00fcckschluss auf einzelne Personen ist uns anhand dieser Daten nicht m\u00f6glich. Wir speichern diese Daten nicht l\u00e4nger als drei\u00dfig Tage.<\/p>\n\n\n\n<h5><strong>Kontaktformular<\/strong><\/h5>\n\n\n\n<p>Wenn Sie uns per Kontaktformular Anfragen zukommen lassen, werden Ihre Angaben aus dem Anfrageformular inklusive der von Ihnen dort angegebenen Kontaktdaten zwecks Bearbeitung der Anfrage und f\u00fcr den Fall von Anschlussfragen bei uns gespeichert. Diese Daten geben wir nicht ohne Ihre Einwilligung weiter.<\/p>\n\n\n\n<h5><strong>Google Analytics<\/strong><\/h5>\n\n\n\n<p>Diese Website benutzt Google Analytics, einen Webanalysedienst der Google Inc. (\u201cGoogle\u201c). Google Analytics verwendet sog. \u201cCookies\u201c, Textdateien, die auf Ihrem Computer gespeichert werden und die eine Analyse der Benutzung der Website durch Sie erm\u00f6glicht. Die durch den Cookie erzeugten Informationen \u00fcber Ihre Benutzung dieser Website (einschlie\u00dflich Ihrer IP-Adresse) wird an einen Server von Google in den USA \u00fcbertragen und dort gespeichert. Google wird diese Informationen benutzen, um Ihre Nutzung der Website auszuwerten, um Reports \u00fcber die Websiteaktivit\u00e4ten f\u00fcr die Websitebetreiber zusammenzustellen und um weitere mit der Websitenutzung und der Internetnutzung verbundene Dienstleistungen zu erbringen. Auch wird Google diese Informationen gegebenenfalls an Dritte \u00fcbertragen, sofern dies gesetzlich vorgeschrieben oder soweit Dritte diese Daten im Auftrag von Google verarbeiten. Google wird in keinem Fall Ihre IP-Adresse mit anderen Daten der Google in Verbindung bringen. Sie k\u00f6nnen die Installation der Cookies durch eine entsprechende Einstellung Ihrer Browser Software verhindern; wir weisen Sie jedoch darauf hin, dass Sie in diesem Fall gegebenenfalls nicht s\u00e4mtliche Funktionen dieser Website voll umf\u00e4nglich nutzen k\u00f6nnen. Durch die Nutzung dieser Website erkl\u00e4ren Sie sich mit der Bearbeitung der \u00fcber Sie erhobenen Daten durch Google in der zuvor beschriebenen Art und Weise und zu dem zuvor benannten Zweck einverstanden.<\/p>\n\n\n\n<h5><strong>Verwendung von Cookies<\/strong><\/h5>\n\n\n\n<p>Damit diese Website ordnungsgem\u00e4\u00df funktioniert, legen wir manchmal kleine Dateien \u2013 sogenannte Cookies \u2013 auf Ihrem Ger\u00e4t ab. Das ist bei den meisten Websites \u00fcblich.<\/p>\n\n\n\n<p>Ein Cookie ist eine kleine Textdatei, die ein Webportal auf Ihrem Rechner, Tablet-Computer oder Smartphone hinterl\u00e4sst, wenn Sie es besuchen. So kann sich unsere Website bestimmte Eingaben und Einstellungen (z. B. Login, Sprache, Schriftgr\u00f6\u00dfe und andere Anzeigepr\u00e4ferenzen) \u00fcber einen bestimmten Zeitraum \u201emerken\u201c, und Sie brauchen diese nicht bei jedem weiteren Besuch und beim Navigieren im Portal erneut vorzunehmen.<\/p>\n\n\n\n<p>Es gibt mehrere Arten von Cookies:<\/p>\n\n\n\n<h6><strong>Sitzungscookies<\/strong><\/h6>\n\n\n\n<p>Diese werden nur w\u00e4hrend Ihrer Internetsitzung auf Ihrem Computer gespeichert und automatisch gel\u00f6scht, wenn Sie Ihren Browser schlie\u00dfen. Sie speichern in der Regel eine anonyme Sitzungs-ID, mit der Sie eine Website nutzen k\u00f6nnen, ohne sich bei jeder einzelnen Seite anmelden zu m\u00fcssen. Sie erfassen jedoch keine Informationen von Ihrem Computer. Wir verwenden Sitzungs-IDs damit Sie einfacher durch unsere Seite navigieren k\u00f6nnen.<\/p>\n\n\n\n<h6><strong>Residente Cookies<\/strong><\/h6>\n\n\n\n<p>Ein residenter Cookie wird als Datei auf Ihrem Computer gespeichert und verbleibt dort, wenn Sie Ihren Webbrowser schlie\u00dfen. Der Cookie kann von der Website, die ihn erstellt hat, gelesen werden, wenn Sie diese Website erneut besuchen. Unsere eigenen Cookies sind \u00fcblicherweise nicht l\u00e4nger als 14 Tage g\u00fcltig.<\/p>\n\n\n\n<p>Sie k\u00f6nnen Cookies nach Belieben steuern und\/oder l\u00f6schen. Wie, erfahren Sie hier: aboutcookies.org. Sie k\u00f6nnen alle auf Ihrem Rechner abgelegten Cookies l\u00f6schen und die meisten Browser so einstellen, dass die Ablage von Cookies verhindert wird. Dann m\u00fcssen Sie aber m\u00f6glicherweise einige Einstellungen bei jedem Besuch einer Seite manuell vornehmen und die Beeintr\u00e4chtigung mancher Funktionen in Kauf nehmen.<\/p>\n\n\n\n<h5><strong>Datenschutzkontakt<\/strong><\/h5>\n\n\n\n<p>Sie k\u00f6nnen sich in allen Datenschutzangelegenheiten jederzeit an uns wenden:<\/p>\n\n\n\n<p><strong>3CC<\/strong> Beteiligungs GmbH<br>Sterzinger Str. 6, D-86165 Augsburg<br>Tel.: +49 (0)821 27 26 3-13<br>Email: contact@3cc-partners.com<\/p>\n\n\n\n<p>Wir sind nach den gesetzlichen Bestimmungen zur Bestellung eines Datenschutzbeauftragten nicht verpflichtet.<\/p>\n\n\n\n<p>Stand: 29. Januar 2019<\/p>\n\n\n\n<p><\/p>\n","protected":false},"excerpt":{"rendered":"<p>Verantwortlicher in Bezug auf Ihre personenbezogenen Daten ist: 3CC Beteiligungs GmbHSterzinger Str. 6, D-86165 AugsburgTel.: +49 (0)821 27 26 3-13Email: contact@3cc-partners.com Speicherung und Verarbeitung personenbezogener Daten Sie k\u00f6nnen unsere Website besuchen und nutzen, ohne uns Ihren Namen zu nennen. Wir verlangen keine Registrierung Verbindungsdaten Wenn Sie unsere Webseiten aufrufen, \u00fcbermitteln Sie (aus technischer Notwendigkeit) \u00fcber &hellip; <a href=\"https:\/\/www.3cc-partners.com\/en\/datenschutzerklaerung\/\">Continued<\/a><\/p>\n","protected":false},"author":1,"featured_media":0,"parent":0,"menu_order":0,"comment_status":"closed","ping_status":"open","template":"","meta":[],"_links":{"self":[{"href":"https:\/\/www.3cc-partners.com\/en\/wp-json\/wp\/v2\/pages\/182\/"}],"collection":[{"href":"https:\/\/www.3cc-partners.com\/en\/wp-json\/wp\/v2\/pages\/"}],"about":[{"href":"https:\/\/www.3cc-partners.com\/en\/wp-json\/wp\/v2\/types\/page\/"}],"author":[{"embeddable":true,"href":"https:\/\/www.3cc-partners.com\/en\/wp-json\/wp\/v2\/users\/1\/"}],"replies":[{"embeddable":true,"href":"https:\/\/www.3cc-partners.com\/en\/wp-json\/wp\/v2\/comments\/?post=182"}],"version-history":[{"count":5,"href":"https:\/\/www.3cc-partners.com\/en\/wp-json\/wp\/v2\/pages\/182\/revisions\/"}],"predecessor-version":[{"id":579,"href":"https:\/\/www.3cc-partners.com\/en\/wp-json\/wp\/v2\/pages\/182\/revisions\/579\/"}],"wp:attachment":[{"href":"https:\/\/www.3cc-partners.com\/en\/wp-json\/wp\/v2\/media\/?parent=182"}],"curies":[{"name":"wp","href":"https:\/\/api.w.org\/{rel}","templated":true}]}}